{"id":4787,"date":"2017-02-10T02:43:47","date_gmt":"2017-02-10T01:43:47","guid":{"rendered":"https:\/\/abikorp.test\/offer\/"},"modified":"2025-01-24T14:01:49","modified_gmt":"2025-01-24T13:01:49","slug":"offer","status":"publish","type":"page","link":"https:\/\/abikorp.pl\/en\/offer\/","title":{"rendered":"Offer"},"content":{"rendered":"<p>Abikorp Sp. z o.o. directs its offer to local government institutions, water and sewerage companies, project offices as well as to main contractors as a partner or subcontractor.<\/p>\n<h2><strong>Trenchless technologies (using microtunnel heads):<\/strong><\/h2>\n<p>The company has a very rich machine park in the field of equipment and microtunnel heads in diameters from <strong>400mm<\/strong> to <strong>3600mm<\/strong> of which it has effectively executed contracts on any diameter up to <strong>3270mm<\/strong> inclusive. Due to the highest possible degree of technological advancement, we offer the execution of pipelines using the microtunneling method in all ground conditions, both in straight sections, along a curve, as well as along multiple curves.<\/p>\n<p><img fetchpriority=\"high\" decoding=\"async\" class=\"alignnone wp-image-113 size-large\" src=\"http:\/\/abikorp.pl\/wp-content\/uploads\/2017\/03\/BIA_5302-1024x936.jpg\" alt=\"head - microtunneling\" width=\"604\" height=\"552\" \/><\/p>\n<p>For smaller diameters, the company has <strong>steerable horizontal drilling<\/strong> technology <strong>in diameters from 150mm to 400mm<\/strong>.<\/p>\n<p><img decoding=\"async\" class=\"alignnone wp-image-121 size-large\" src=\"http:\/\/abikorp.pl\/wp-content\/uploads\/2017\/03\/BIA_6192-1024x678.jpg\" alt=\"\" width=\"604\" height=\"400\" srcset=\"https:\/\/abikorp.pl\/wp-content\/uploads\/2017\/03\/BIA_6192-1024x678.jpg 1024w, https:\/\/abikorp.pl\/wp-content\/uploads\/2017\/03\/BIA_6192-300x199.jpg 300w, https:\/\/abikorp.pl\/wp-content\/uploads\/2017\/03\/BIA_6192-768x509.jpg 768w\" sizes=\"(max-width: 604px) 100vw, 604px\" \/><\/p>\n<p>Due to its highly specialized certified personnel to operate machines in trenchless technologies, ABIKORP offers equipment rental with operators and maintenance.<\/p>\n<p><strong>We offer full support in trenchless methods for PROJECT Bureaus<\/strong>.<\/p>\n<h2>Engineering Construction<\/h2>\n<p>Abikorp offers a comprehensive range of workmanship in sanitary networks and sewers, water supply networks, stormwater drainage networks, modernization and operation of wastewater treatment plants, drainage and development of land including for highways, roads and taxiways.<\/p>\n<p><img decoding=\"async\" class=\"alignnone wp-image-161 size-large\" src=\"http:\/\/abikorp.pl\/wp-content\/uploads\/2017\/03\/BIA_5911-kopia-1024x678.jpg\" alt=\"\" width=\"604\" height=\"400\" srcset=\"https:\/\/abikorp.pl\/wp-content\/uploads\/2017\/03\/BIA_5911-kopia-1024x678.jpg 1024w, https:\/\/abikorp.pl\/wp-content\/uploads\/2017\/03\/BIA_5911-kopia-300x199.jpg 300w, https:\/\/abikorp.pl\/wp-content\/uploads\/2017\/03\/BIA_5911-kopia-768x509.jpg 768w\" sizes=\"(max-width: 604px) 100vw, 604px\" \/><\/p>\n<h2>Wells sinking<\/h2>\n<p>The company specializes in sinking wells using the well drilling method.<\/p>\n<p><strong><a href=\"https:\/\/web.archive.org\/web\/20161122134110\/http:\/\/abikorp.dmuchawce.eu\/wynajem-sprzetu\/\">Equipment rental<\/a><\/strong><br \/>\nDue to the constantly growing equipment base, ABIKORP offers equipment rental. We offer rental of microtunneling sets, microtunneling heads, horizontal drilling sets. <strong>Cranes<\/strong>, trucks with HDS, wheeled excavators, passenger cars, mini-excavators, compactors, generators, compressors, specialized equipment for cutting concrete, etc.<\/p>\n<p><img loading=\"lazy\" decoding=\"async\" class=\"alignnone wp-image-117 size-large\" src=\"http:\/\/abikorp.pl\/wp-content\/uploads\/2017\/03\/BIA_5375-678x1024.jpg\" alt=\"\" width=\"604\" height=\"912\" srcset=\"https:\/\/abikorp.pl\/wp-content\/uploads\/2017\/03\/BIA_5375-678x1024.jpg 678w, https:\/\/abikorp.pl\/wp-content\/uploads\/2017\/03\/BIA_5375-199x300.jpg 199w, https:\/\/abikorp.pl\/wp-content\/uploads\/2017\/03\/BIA_5375-768x1160.jpg 768w\" sizes=\"(max-width: 604px) 100vw, 604px\" \/><\/p>\n","protected":false},"excerpt":{"rendered":"<p>Abikorp Sp. z o.o. directs its offer to local government institutions, water and sewerage companies, project offices as well as to main contractors as a partner or subcontractor. Trenchless technologies (using microtunnel heads): The company has a very rich machine park in the field of equipment and microtunnel heads in diameters from 400mm to 3600mm [&hellip;]<\/p>\n","protected":false},"author":1,"featured_media":0,"parent":0,"menu_order":0,"comment_status":"closed","ping_status":"closed","template":"page-sidebar.php","meta":{"ocean_post_layout":"","ocean_both_sidebars_style":"","ocean_both_sidebars_content_width":0,"ocean_both_sidebars_sidebars_width":0,"ocean_sidebar":"","ocean_second_sidebar":"","ocean_disable_margins":"enable","ocean_add_body_class":"","ocean_shortcode_before_top_bar":"","ocean_shortcode_after_top_bar":"","ocean_shortcode_before_header":"","ocean_shortcode_after_header":"","ocean_has_shortcode":"","ocean_shortcode_after_title":"","ocean_shortcode_before_footer_widgets":"","ocean_shortcode_after_footer_widgets":"","ocean_shortcode_before_footer_bottom":"","ocean_shortcode_after_footer_bottom":"","ocean_display_top_bar":"default","ocean_display_header":"default","ocean_header_style":"","ocean_center_header_left_menu":"","ocean_custom_header_template":"","ocean_custom_logo":0,"ocean_custom_retina_logo":0,"ocean_custom_logo_max_width":0,"ocean_custom_logo_tablet_max_width":0,"ocean_custom_logo_mobile_max_width":0,"ocean_custom_logo_max_height":0,"ocean_custom_logo_tablet_max_height":0,"ocean_custom_logo_mobile_max_height":0,"ocean_header_custom_menu":"","ocean_menu_typo_font_family":"","ocean_menu_typo_font_subset":"","ocean_menu_typo_font_size":0,"ocean_menu_typo_font_size_tablet":0,"ocean_menu_typo_font_size_mobile":0,"ocean_menu_typo_font_size_unit":"px","ocean_menu_typo_font_weight":"","ocean_menu_typo_font_weight_tablet":"","ocean_menu_typo_font_weight_mobile":"","ocean_menu_typo_transform":"","ocean_menu_typo_transform_tablet":"","ocean_menu_typo_transform_mobile":"","ocean_menu_typo_line_height":0,"ocean_menu_typo_line_height_tablet":0,"ocean_menu_typo_line_height_mobile":0,"ocean_menu_typo_line_height_unit":"","ocean_menu_typo_spacing":0,"ocean_menu_typo_spacing_tablet":0,"ocean_menu_typo_spacing_mobile":0,"ocean_menu_typo_spacing_unit":"","ocean_menu_link_color":"","ocean_menu_link_color_hover":"","ocean_menu_link_color_active":"","ocean_menu_link_background":"","ocean_menu_link_hover_background":"","ocean_menu_link_active_background":"","ocean_menu_social_links_bg":"","ocean_menu_social_hover_links_bg":"","ocean_menu_social_links_color":"","ocean_menu_social_hover_links_color":"","ocean_disable_title":"default","ocean_disable_heading":"default","ocean_post_title":"","ocean_post_subheading":"","ocean_post_title_style":"","ocean_post_title_background_color":"","ocean_post_title_background":0,"ocean_post_title_bg_image_position":"","ocean_post_title_bg_image_attachment":"","ocean_post_title_bg_image_repeat":"","ocean_post_title_bg_image_size":"","ocean_post_title_height":0,"ocean_post_title_bg_overlay":0.5,"ocean_post_title_bg_overlay_color":"","ocean_disable_breadcrumbs":"default","ocean_breadcrumbs_color":"","ocean_breadcrumbs_separator_color":"","ocean_breadcrumbs_links_color":"","ocean_breadcrumbs_links_hover_color":"","ocean_display_footer_widgets":"default","ocean_display_footer_bottom":"default","ocean_custom_footer_template":"","footnotes":""},"class_list":["post-4787","page","type-page","status-publish","hentry","entry"],"yoast_head":"<!-- This site is optimized with the Yoast SEO plugin v24.4 - https:\/\/yoast.com\/wordpress\/plugins\/seo\/ -->\n<title>Offer - przedsi\u0119biorstwo in\u017cynieryjne - Mikrotuneling<\/title>\n<meta name=\"robots\" content=\"index, follow, max-snippet:-1, max-image-preview:large, max-video-preview:-1\" \/>\n<link rel=\"canonical\" href=\"https:\/\/abikorp.pl\/en\/offer\/\" \/>\n<meta property=\"og:locale\" content=\"en_US\" \/>\n<meta property=\"og:type\" content=\"article\" \/>\n<meta property=\"og:title\" content=\"Offer - przedsi\u0119biorstwo in\u017cynieryjne - Mikrotuneling\" \/>\n<meta property=\"og:description\" content=\"Abikorp Sp. z o.o. directs its offer to local government institutions, water and sewerage companies, project offices as well as to main contractors as a partner or subcontractor. Trenchless technologies (using microtunnel heads): The company has a very rich machine park in the field of equipment and microtunnel heads in diameters from 400mm to 3600mm [&hellip;]\" \/>\n<meta property=\"og:url\" content=\"https:\/\/abikorp.pl\/en\/offer\/\" \/>\n<meta property=\"og:site_name\" content=\"przedsi\u0119biorstwo in\u017cynieryjne - Mikrotuneling\" \/>\n<meta property=\"article:publisher\" content=\"https:\/\/www.facebook.com\/Abikorp-774348106008110\/\" \/>\n<meta property=\"article:modified_time\" content=\"2025-01-24T13:01:49+00:00\" \/>\n<meta property=\"og:image\" content=\"http:\/\/abikorp.pl\/wp-content\/uploads\/2017\/03\/BIA_5302-1024x936.jpg\" \/>\n<meta name=\"twitter:card\" content=\"summary_large_image\" \/>\n<meta name=\"twitter:label1\" content=\"Est. reading time\" \/>\n\t<meta name=\"twitter:data1\" content=\"3 minutes\" \/>\n<script type=\"application\/ld+json\" class=\"yoast-schema-graph\">{\"@context\":\"https:\/\/schema.org\",\"@graph\":[{\"@type\":\"WebPage\",\"@id\":\"https:\/\/abikorp.pl\/en\/offer\/\",\"url\":\"https:\/\/abikorp.pl\/en\/offer\/\",\"name\":\"Offer - przedsi\u0119biorstwo in\u017cynieryjne - Mikrotuneling\",\"isPartOf\":{\"@id\":\"https:\/\/abikorp.pl\/#website\"},\"primaryImageOfPage\":{\"@id\":\"https:\/\/abikorp.pl\/en\/offer\/#primaryimage\"},\"image\":{\"@id\":\"https:\/\/abikorp.pl\/en\/offer\/#primaryimage\"},\"thumbnailUrl\":\"http:\/\/abikorp.pl\/wp-content\/uploads\/2017\/03\/BIA_5302-1024x936.jpg\",\"datePublished\":\"2017-02-10T01:43:47+00:00\",\"dateModified\":\"2025-01-24T13:01:49+00:00\",\"breadcrumb\":{\"@id\":\"https:\/\/abikorp.pl\/en\/offer\/#breadcrumb\"},\"inLanguage\":\"en-US\",\"potentialAction\":[{\"@type\":\"ReadAction\",\"target\":[\"https:\/\/abikorp.pl\/en\/offer\/\"]}]},{\"@type\":\"ImageObject\",\"inLanguage\":\"en-US\",\"@id\":\"https:\/\/abikorp.pl\/en\/offer\/#primaryimage\",\"url\":\"http:\/\/abikorp.pl\/wp-content\/uploads\/2017\/03\/BIA_5302-1024x936.jpg\",\"contentUrl\":\"http:\/\/abikorp.pl\/wp-content\/uploads\/2017\/03\/BIA_5302-1024x936.jpg\"},{\"@type\":\"BreadcrumbList\",\"@id\":\"https:\/\/abikorp.pl\/en\/offer\/#breadcrumb\",\"itemListElement\":[{\"@type\":\"ListItem\",\"position\":1,\"name\":\"Strona g\u0142\u00f3wna\",\"item\":\"https:\/\/abikorp.pl\/en\/\"},{\"@type\":\"ListItem\",\"position\":2,\"name\":\"Offer\"}]},{\"@type\":\"WebSite\",\"@id\":\"https:\/\/abikorp.pl\/#website\",\"url\":\"https:\/\/abikorp.pl\/\",\"name\":\"przedsi\u0119biorstwo in\u017cynieryjne - Mikrotuneling\",\"description\":\"mikrotuneling, zapuszczanie studni, wynajem sprz\u0119tu in\u017cynieryjnego\",\"publisher\":{\"@id\":\"https:\/\/abikorp.pl\/#organization\"},\"potentialAction\":[{\"@type\":\"SearchAction\",\"target\":{\"@type\":\"EntryPoint\",\"urlTemplate\":\"https:\/\/abikorp.pl\/?s={search_term_string}\"},\"query-input\":{\"@type\":\"PropertyValueSpecification\",\"valueRequired\":true,\"valueName\":\"search_term_string\"}}],\"inLanguage\":\"en-US\"},{\"@type\":\"Organization\",\"@id\":\"https:\/\/abikorp.pl\/#organization\",\"name\":\"przedsi\u0119biorstwo in\u017cynieryjne - Mikrotuneling\",\"url\":\"https:\/\/abikorp.pl\/\",\"logo\":{\"@type\":\"ImageObject\",\"inLanguage\":\"en-US\",\"@id\":\"https:\/\/abikorp.pl\/#\/schema\/logo\/image\/\",\"url\":\"https:\/\/abikorp.pl\/wp-content\/uploads\/2017\/02\/abikorp-mikrotunelling.png\",\"contentUrl\":\"https:\/\/abikorp.pl\/wp-content\/uploads\/2017\/02\/abikorp-mikrotunelling.png\",\"width\":297,\"height\":76,\"caption\":\"przedsi\u0119biorstwo in\u017cynieryjne - Mikrotuneling\"},\"image\":{\"@id\":\"https:\/\/abikorp.pl\/#\/schema\/logo\/image\/\"},\"sameAs\":[\"https:\/\/www.facebook.com\/Abikorp-774348106008110\/\"]}]}<\/script>\n<!-- \/ Yoast SEO plugin. -->","yoast_head_json":{"title":"Offer - przedsi\u0119biorstwo in\u017cynieryjne - Mikrotuneling","robots":{"index":"index","follow":"follow","max-snippet":"max-snippet:-1","max-image-preview":"max-image-preview:large","max-video-preview":"max-video-preview:-1"},"canonical":"https:\/\/abikorp.pl\/en\/offer\/","og_locale":"en_US","og_type":"article","og_title":"Offer - przedsi\u0119biorstwo in\u017cynieryjne - Mikrotuneling","og_description":"Abikorp Sp. z o.o. directs its offer to local government institutions, water and sewerage companies, project offices as well as to main contractors as a partner or subcontractor. Trenchless technologies (using microtunnel heads): The company has a very rich machine park in the field of equipment and microtunnel heads in diameters from 400mm to 3600mm [&hellip;]","og_url":"https:\/\/abikorp.pl\/en\/offer\/","og_site_name":"przedsi\u0119biorstwo in\u017cynieryjne - Mikrotuneling","article_publisher":"https:\/\/www.facebook.com\/Abikorp-774348106008110\/","article_modified_time":"2025-01-24T13:01:49+00:00","og_image":[{"url":"http:\/\/abikorp.pl\/wp-content\/uploads\/2017\/03\/BIA_5302-1024x936.jpg","type":"","width":"","height":""}],"twitter_card":"summary_large_image","twitter_misc":{"Est. reading time":"3 minutes"},"schema":{"@context":"https:\/\/schema.org","@graph":[{"@type":"WebPage","@id":"https:\/\/abikorp.pl\/en\/offer\/","url":"https:\/\/abikorp.pl\/en\/offer\/","name":"Offer - przedsi\u0119biorstwo in\u017cynieryjne - Mikrotuneling","isPartOf":{"@id":"https:\/\/abikorp.pl\/#website"},"primaryImageOfPage":{"@id":"https:\/\/abikorp.pl\/en\/offer\/#primaryimage"},"image":{"@id":"https:\/\/abikorp.pl\/en\/offer\/#primaryimage"},"thumbnailUrl":"http:\/\/abikorp.pl\/wp-content\/uploads\/2017\/03\/BIA_5302-1024x936.jpg","datePublished":"2017-02-10T01:43:47+00:00","dateModified":"2025-01-24T13:01:49+00:00","breadcrumb":{"@id":"https:\/\/abikorp.pl\/en\/offer\/#breadcrumb"},"inLanguage":"en-US","potentialAction":[{"@type":"ReadAction","target":["https:\/\/abikorp.pl\/en\/offer\/"]}]},{"@type":"ImageObject","inLanguage":"en-US","@id":"https:\/\/abikorp.pl\/en\/offer\/#primaryimage","url":"http:\/\/abikorp.pl\/wp-content\/uploads\/2017\/03\/BIA_5302-1024x936.jpg","contentUrl":"http:\/\/abikorp.pl\/wp-content\/uploads\/2017\/03\/BIA_5302-1024x936.jpg"},{"@type":"BreadcrumbList","@id":"https:\/\/abikorp.pl\/en\/offer\/#breadcrumb","itemListElement":[{"@type":"ListItem","position":1,"name":"Strona g\u0142\u00f3wna","item":"https:\/\/abikorp.pl\/en\/"},{"@type":"ListItem","position":2,"name":"Offer"}]},{"@type":"WebSite","@id":"https:\/\/abikorp.pl\/#website","url":"https:\/\/abikorp.pl\/","name":"przedsi\u0119biorstwo in\u017cynieryjne - Mikrotuneling","description":"mikrotuneling, zapuszczanie studni, wynajem sprz\u0119tu in\u017cynieryjnego","publisher":{"@id":"https:\/\/abikorp.pl\/#organization"},"potentialAction":[{"@type":"SearchAction","target":{"@type":"EntryPoint","urlTemplate":"https:\/\/abikorp.pl\/?s={search_term_string}"},"query-input":{"@type":"PropertyValueSpecification","valueRequired":true,"valueName":"search_term_string"}}],"inLanguage":"en-US"},{"@type":"Organization","@id":"https:\/\/abikorp.pl\/#organization","name":"przedsi\u0119biorstwo in\u017cynieryjne - Mikrotuneling","url":"https:\/\/abikorp.pl\/","logo":{"@type":"ImageObject","inLanguage":"en-US","@id":"https:\/\/abikorp.pl\/#\/schema\/logo\/image\/","url":"https:\/\/abikorp.pl\/wp-content\/uploads\/2017\/02\/abikorp-mikrotunelling.png","contentUrl":"https:\/\/abikorp.pl\/wp-content\/uploads\/2017\/02\/abikorp-mikrotunelling.png","width":297,"height":76,"caption":"przedsi\u0119biorstwo in\u017cynieryjne - Mikrotuneling"},"image":{"@id":"https:\/\/abikorp.pl\/#\/schema\/logo\/image\/"},"sameAs":["https:\/\/www.facebook.com\/Abikorp-774348106008110\/"]}]}},"_links":{"self":[{"href":"https:\/\/abikorp.pl\/en\/wp-json\/wp\/v2\/pages\/4787","targetHints":{"allow":["GET"]}}],"collection":[{"href":"https:\/\/abikorp.pl\/en\/wp-json\/wp\/v2\/pages"}],"about":[{"href":"https:\/\/abikorp.pl\/en\/wp-json\/wp\/v2\/types\/page"}],"author":[{"embeddable":true,"href":"https:\/\/abikorp.pl\/en\/wp-json\/wp\/v2\/users\/1"}],"replies":[{"embeddable":true,"href":"https:\/\/abikorp.pl\/en\/wp-json\/wp\/v2\/comments?post=4787"}],"version-history":[{"count":1,"href":"https:\/\/abikorp.pl\/en\/wp-json\/wp\/v2\/pages\/4787\/revisions"}],"predecessor-version":[{"id":5014,"href":"https:\/\/abikorp.pl\/en\/wp-json\/wp\/v2\/pages\/4787\/revisions\/5014"}],"wp:attachment":[{"href":"https:\/\/abikorp.pl\/en\/wp-json\/wp\/v2\/media?parent=4787"}],"curies":[{"name":"wp","href":"https:\/\/api.w.org\/{rel}","templated":true}]}}