{"id":4789,"date":"2017-02-10T04:11:22","date_gmt":"2017-02-10T03:11:22","guid":{"rendered":"https:\/\/abikorp.test\/engineering-construction\/"},"modified":"2025-01-24T09:32:03","modified_gmt":"2025-01-24T08:32:03","slug":"engineering-construction","status":"publish","type":"page","link":"https:\/\/abikorp.pl\/en\/engineering-construction\/","title":{"rendered":"Engineering construction"},"content":{"rendered":"<p>Abikorp offers a full range of workmanship in sanitary networks and sewers, water supply networks, stormwater drainage networks, modernization and operation of wastewater treatment plants, drainage and comprehensive development of land, including for highways, roads and taxiways.<\/p>\n<ul>\n<li>sanitary sewer networks<\/li>\n<li>water supply networks<\/li>\n<li>modernization and operation of the treatment plant<\/li>\n<li>rainwater drainage networks<\/li>\n<li>dehydrations<\/li>\n<li>comprehensive site reinforcement<\/li>\n<li>for highways and roads<\/li>\n<li>taxiways<\/li>\n<\/ul>\n","protected":false},"excerpt":{"rendered":"<p>Abikorp offers a full range of workmanship in sanitary networks and sewers, water supply networks, stormwater drainage networks, modernization and operation of wastewater treatment plants, drainage and comprehensive development of land, including for highways, roads and taxiways. sanitary sewer networks water supply networks modernization and operation of the treatment plant rainwater drainage networks dehydrations comprehensive [&hellip;]<\/p>\n","protected":false},"author":1,"featured_media":0,"parent":0,"menu_order":0,"comment_status":"closed","ping_status":"closed","template":"","meta":{"ocean_post_layout":"","ocean_both_sidebars_style":"","ocean_both_sidebars_content_width":0,"ocean_both_sidebars_sidebars_width":0,"ocean_sidebar":"","ocean_second_sidebar":"","ocean_disable_margins":"enable","ocean_add_body_class":"","ocean_shortcode_before_top_bar":"","ocean_shortcode_after_top_bar":"","ocean_shortcode_before_header":"","ocean_shortcode_after_header":"","ocean_has_shortcode":"","ocean_shortcode_after_title":"","ocean_shortcode_before_footer_widgets":"","ocean_shortcode_after_footer_widgets":"","ocean_shortcode_before_footer_bottom":"","ocean_shortcode_after_footer_bottom":"","ocean_display_top_bar":"default","ocean_display_header":"default","ocean_header_style":"","ocean_center_header_left_menu":"","ocean_custom_header_template":"","ocean_custom_logo":0,"ocean_custom_retina_logo":0,"ocean_custom_logo_max_width":0,"ocean_custom_logo_tablet_max_width":0,"ocean_custom_logo_mobile_max_width":0,"ocean_custom_logo_max_height":0,"ocean_custom_logo_tablet_max_height":0,"ocean_custom_logo_mobile_max_height":0,"ocean_header_custom_menu":"","ocean_menu_typo_font_family":"","ocean_menu_typo_font_subset":"","ocean_menu_typo_font_size":0,"ocean_menu_typo_font_size_tablet":0,"ocean_menu_typo_font_size_mobile":0,"ocean_menu_typo_font_size_unit":"px","ocean_menu_typo_font_weight":"","ocean_menu_typo_font_weight_tablet":"","ocean_menu_typo_font_weight_mobile":"","ocean_menu_typo_transform":"","ocean_menu_typo_transform_tablet":"","ocean_menu_typo_transform_mobile":"","ocean_menu_typo_line_height":0,"ocean_menu_typo_line_height_tablet":0,"ocean_menu_typo_line_height_mobile":0,"ocean_menu_typo_line_height_unit":"","ocean_menu_typo_spacing":0,"ocean_menu_typo_spacing_tablet":0,"ocean_menu_typo_spacing_mobile":0,"ocean_menu_typo_spacing_unit":"","ocean_menu_link_color":"","ocean_menu_link_color_hover":"","ocean_menu_link_color_active":"","ocean_menu_link_background":"","ocean_menu_link_hover_background":"","ocean_menu_link_active_background":"","ocean_menu_social_links_bg":"","ocean_menu_social_hover_links_bg":"","ocean_menu_social_links_color":"","ocean_menu_social_hover_links_color":"","ocean_disable_title":"default","ocean_disable_heading":"default","ocean_post_title":"","ocean_post_subheading":"","ocean_post_title_style":"","ocean_post_title_background_color":"","ocean_post_title_background":0,"ocean_post_title_bg_image_position":"","ocean_post_title_bg_image_attachment":"","ocean_post_title_bg_image_repeat":"","ocean_post_title_bg_image_size":"","ocean_post_title_height":0,"ocean_post_title_bg_overlay":0.5,"ocean_post_title_bg_overlay_color":"","ocean_disable_breadcrumbs":"default","ocean_breadcrumbs_color":"","ocean_breadcrumbs_separator_color":"","ocean_breadcrumbs_links_color":"","ocean_breadcrumbs_links_hover_color":"","ocean_display_footer_widgets":"default","ocean_display_footer_bottom":"default","ocean_custom_footer_template":"","footnotes":""},"class_list":["post-4789","page","type-page","status-publish","hentry","entry"],"yoast_head":"<!-- This site is optimized with the Yoast SEO plugin v24.4 - https:\/\/yoast.com\/wordpress\/plugins\/seo\/ -->\n<title>Engineering construction - przedsi\u0119biorstwo in\u017cynieryjne - Mikrotuneling<\/title>\n<meta name=\"robots\" content=\"index, follow, max-snippet:-1, max-image-preview:large, max-video-preview:-1\" \/>\n<link rel=\"canonical\" href=\"https:\/\/abikorp.pl\/en\/engineering-construction\/\" \/>\n<meta property=\"og:locale\" content=\"en_US\" \/>\n<meta property=\"og:type\" content=\"article\" \/>\n<meta property=\"og:title\" content=\"Engineering construction - przedsi\u0119biorstwo in\u017cynieryjne - Mikrotuneling\" \/>\n<meta property=\"og:description\" content=\"Abikorp offers a full range of workmanship in sanitary networks and sewers, water supply networks, stormwater drainage networks, modernization and operation of wastewater treatment plants, drainage and comprehensive development of land, including for highways, roads and taxiways. sanitary sewer networks water supply networks modernization and operation of the treatment plant rainwater drainage networks dehydrations comprehensive [&hellip;]\" \/>\n<meta property=\"og:url\" content=\"https:\/\/abikorp.pl\/en\/engineering-construction\/\" \/>\n<meta property=\"og:site_name\" content=\"przedsi\u0119biorstwo in\u017cynieryjne - Mikrotuneling\" \/>\n<meta property=\"article:publisher\" content=\"https:\/\/www.facebook.com\/Abikorp-774348106008110\/\" \/>\n<meta property=\"article:modified_time\" content=\"2025-01-24T08:32:03+00:00\" \/>\n<meta name=\"twitter:card\" content=\"summary_large_image\" \/>\n<script type=\"application\/ld+json\" class=\"yoast-schema-graph\">{\"@context\":\"https:\/\/schema.org\",\"@graph\":[{\"@type\":\"WebPage\",\"@id\":\"https:\/\/abikorp.pl\/en\/engineering-construction\/\",\"url\":\"https:\/\/abikorp.pl\/en\/engineering-construction\/\",\"name\":\"Engineering construction - przedsi\u0119biorstwo in\u017cynieryjne - Mikrotuneling\",\"isPartOf\":{\"@id\":\"https:\/\/abikorp.pl\/#website\"},\"datePublished\":\"2017-02-10T03:11:22+00:00\",\"dateModified\":\"2025-01-24T08:32:03+00:00\",\"breadcrumb\":{\"@id\":\"https:\/\/abikorp.pl\/en\/engineering-construction\/#breadcrumb\"},\"inLanguage\":\"en-US\",\"potentialAction\":[{\"@type\":\"ReadAction\",\"target\":[\"https:\/\/abikorp.pl\/en\/engineering-construction\/\"]}]},{\"@type\":\"BreadcrumbList\",\"@id\":\"https:\/\/abikorp.pl\/en\/engineering-construction\/#breadcrumb\",\"itemListElement\":[{\"@type\":\"ListItem\",\"position\":1,\"name\":\"Strona g\u0142\u00f3wna\",\"item\":\"https:\/\/abikorp.pl\/en\/\"},{\"@type\":\"ListItem\",\"position\":2,\"name\":\"Engineering construction\"}]},{\"@type\":\"WebSite\",\"@id\":\"https:\/\/abikorp.pl\/#website\",\"url\":\"https:\/\/abikorp.pl\/\",\"name\":\"przedsi\u0119biorstwo in\u017cynieryjne - Mikrotuneling\",\"description\":\"mikrotuneling, zapuszczanie studni, wynajem sprz\u0119tu in\u017cynieryjnego\",\"publisher\":{\"@id\":\"https:\/\/abikorp.pl\/#organization\"},\"potentialAction\":[{\"@type\":\"SearchAction\",\"target\":{\"@type\":\"EntryPoint\",\"urlTemplate\":\"https:\/\/abikorp.pl\/?s={search_term_string}\"},\"query-input\":{\"@type\":\"PropertyValueSpecification\",\"valueRequired\":true,\"valueName\":\"search_term_string\"}}],\"inLanguage\":\"en-US\"},{\"@type\":\"Organization\",\"@id\":\"https:\/\/abikorp.pl\/#organization\",\"name\":\"przedsi\u0119biorstwo in\u017cynieryjne - Mikrotuneling\",\"url\":\"https:\/\/abikorp.pl\/\",\"logo\":{\"@type\":\"ImageObject\",\"inLanguage\":\"en-US\",\"@id\":\"https:\/\/abikorp.pl\/#\/schema\/logo\/image\/\",\"url\":\"https:\/\/abikorp.pl\/wp-content\/uploads\/2017\/02\/abikorp-mikrotunelling.png\",\"contentUrl\":\"https:\/\/abikorp.pl\/wp-content\/uploads\/2017\/02\/abikorp-mikrotunelling.png\",\"width\":297,\"height\":76,\"caption\":\"przedsi\u0119biorstwo in\u017cynieryjne - Mikrotuneling\"},\"image\":{\"@id\":\"https:\/\/abikorp.pl\/#\/schema\/logo\/image\/\"},\"sameAs\":[\"https:\/\/www.facebook.com\/Abikorp-774348106008110\/\"]}]}<\/script>\n<!-- \/ Yoast SEO plugin. -->","yoast_head_json":{"title":"Engineering construction - przedsi\u0119biorstwo in\u017cynieryjne - Mikrotuneling","robots":{"index":"index","follow":"follow","max-snippet":"max-snippet:-1","max-image-preview":"max-image-preview:large","max-video-preview":"max-video-preview:-1"},"canonical":"https:\/\/abikorp.pl\/en\/engineering-construction\/","og_locale":"en_US","og_type":"article","og_title":"Engineering construction - przedsi\u0119biorstwo in\u017cynieryjne - Mikrotuneling","og_description":"Abikorp offers a full range of workmanship in sanitary networks and sewers, water supply networks, stormwater drainage networks, modernization and operation of wastewater treatment plants, drainage and comprehensive development of land, including for highways, roads and taxiways. sanitary sewer networks water supply networks modernization and operation of the treatment plant rainwater drainage networks dehydrations comprehensive [&hellip;]","og_url":"https:\/\/abikorp.pl\/en\/engineering-construction\/","og_site_name":"przedsi\u0119biorstwo in\u017cynieryjne - Mikrotuneling","article_publisher":"https:\/\/www.facebook.com\/Abikorp-774348106008110\/","article_modified_time":"2025-01-24T08:32:03+00:00","twitter_card":"summary_large_image","schema":{"@context":"https:\/\/schema.org","@graph":[{"@type":"WebPage","@id":"https:\/\/abikorp.pl\/en\/engineering-construction\/","url":"https:\/\/abikorp.pl\/en\/engineering-construction\/","name":"Engineering construction - przedsi\u0119biorstwo in\u017cynieryjne - Mikrotuneling","isPartOf":{"@id":"https:\/\/abikorp.pl\/#website"},"datePublished":"2017-02-10T03:11:22+00:00","dateModified":"2025-01-24T08:32:03+00:00","breadcrumb":{"@id":"https:\/\/abikorp.pl\/en\/engineering-construction\/#breadcrumb"},"inLanguage":"en-US","potentialAction":[{"@type":"ReadAction","target":["https:\/\/abikorp.pl\/en\/engineering-construction\/"]}]},{"@type":"BreadcrumbList","@id":"https:\/\/abikorp.pl\/en\/engineering-construction\/#breadcrumb","itemListElement":[{"@type":"ListItem","position":1,"name":"Strona g\u0142\u00f3wna","item":"https:\/\/abikorp.pl\/en\/"},{"@type":"ListItem","position":2,"name":"Engineering construction"}]},{"@type":"WebSite","@id":"https:\/\/abikorp.pl\/#website","url":"https:\/\/abikorp.pl\/","name":"przedsi\u0119biorstwo in\u017cynieryjne - Mikrotuneling","description":"mikrotuneling, zapuszczanie studni, wynajem sprz\u0119tu in\u017cynieryjnego","publisher":{"@id":"https:\/\/abikorp.pl\/#organization"},"potentialAction":[{"@type":"SearchAction","target":{"@type":"EntryPoint","urlTemplate":"https:\/\/abikorp.pl\/?s={search_term_string}"},"query-input":{"@type":"PropertyValueSpecification","valueRequired":true,"valueName":"search_term_string"}}],"inLanguage":"en-US"},{"@type":"Organization","@id":"https:\/\/abikorp.pl\/#organization","name":"przedsi\u0119biorstwo in\u017cynieryjne - Mikrotuneling","url":"https:\/\/abikorp.pl\/","logo":{"@type":"ImageObject","inLanguage":"en-US","@id":"https:\/\/abikorp.pl\/#\/schema\/logo\/image\/","url":"https:\/\/abikorp.pl\/wp-content\/uploads\/2017\/02\/abikorp-mikrotunelling.png","contentUrl":"https:\/\/abikorp.pl\/wp-content\/uploads\/2017\/02\/abikorp-mikrotunelling.png","width":297,"height":76,"caption":"przedsi\u0119biorstwo in\u017cynieryjne - Mikrotuneling"},"image":{"@id":"https:\/\/abikorp.pl\/#\/schema\/logo\/image\/"},"sameAs":["https:\/\/www.facebook.com\/Abikorp-774348106008110\/"]}]}},"_links":{"self":[{"href":"https:\/\/abikorp.pl\/en\/wp-json\/wp\/v2\/pages\/4789","targetHints":{"allow":["GET"]}}],"collection":[{"href":"https:\/\/abikorp.pl\/en\/wp-json\/wp\/v2\/pages"}],"about":[{"href":"https:\/\/abikorp.pl\/en\/wp-json\/wp\/v2\/types\/page"}],"author":[{"embeddable":true,"href":"https:\/\/abikorp.pl\/en\/wp-json\/wp\/v2\/users\/1"}],"replies":[{"embeddable":true,"href":"https:\/\/abikorp.pl\/en\/wp-json\/wp\/v2\/comments?post=4789"}],"version-history":[{"count":1,"href":"https:\/\/abikorp.pl\/en\/wp-json\/wp\/v2\/pages\/4789\/revisions"}],"predecessor-version":[{"id":4965,"href":"https:\/\/abikorp.pl\/en\/wp-json\/wp\/v2\/pages\/4789\/revisions\/4965"}],"wp:attachment":[{"href":"https:\/\/abikorp.pl\/en\/wp-json\/wp\/v2\/media?parent=4789"}],"curies":[{"name":"wp","href":"https:\/\/api.w.org\/{rel}","templated":true}]}}